{"id":7,"date":"2023-07-16T11:13:35","date_gmt":"2023-07-16T11:13:35","guid":{"rendered":"https:\/\/netzwerkaugen.ch\/?page_id=7"},"modified":"2023-09-05T09:16:15","modified_gmt":"2023-09-05T09:16:15","slug":"um-was-gehts","status":"publish","type":"page","link":"https:\/\/netzwerkaugen.ch\/?page_id=7","title":{"rendered":"Digitale Barrierefreiheit"},"content":{"rendered":"\n<p><strong>Soziale Netzwerke (z.B. Facebook oder Instagram) bieten zahlreiche M\u00f6glichkeiten der Kommunikation, Interaktion und Information. Bei der Nutzung solcher Angebote k\u00f6nnen Menschen mit Sehbehinderung jedoch durch digitale Barrieren (z.B. unzureichende Beschriftung von Schaltfl\u00e4chen) ausgeschlossen werden. <\/strong><\/p>\n\n\n\n<p>Barrierefrei sind digitale Inhalte dann, wenn alle Menschen, unabh\u00e4ngig von ihren F\u00e4higkeiten oder Beeintr\u00e4chtigungen, auf sie zugreifen k\u00f6nnen. Diese Webseite befasst sich nur mit den Bed\u00fcrfnissen von Menschen mit Sehbehinderung \u2013 um eine umfassende digitale Barrierefreiheit zu erreichen, d\u00fcrfen jedoch auch die Anspr\u00fcche anderer Personengruppen nicht vergessen werden. Dazu z\u00e4hlen beispielsweise Menschen mit H\u00f6rbeeintr\u00e4chtigung, motorischen Einschr\u00e4nkungen oder kognitiven Beeintr\u00e4chtigungen. <\/p>\n\n\n\n<h2 class=\"wp-block-heading\">Wieso das alles?<\/h2>\n\n\n\n<p>Nur schon in der Schweiz gab es im Jahr 2021 ca. 377\u2019000 sehbehinderte Menschen \u2013 ungef\u00e4hr 50\u2019000 davon sind ganz blind. Da unsere Bev\u00f6lkerung immer \u00e4lter wird, steigt auch die Anzahl an Menschen mit Sehbehinderung kontinuierlich. Der <a href=\"https:\/\/www.szblind.ch\/\" data-type=\"URL\" data-id=\"https:\/\/www.szblind.ch\/\" target=\"_blank\" rel=\"noreferrer noopener\">Schweizerische Zentralverein f\u00fcr das Blindenwesen (SZB)<\/a> rechnete aus, dass es nach 2040 ca. 600\u2019000 Betroffene geben wird. Folglich erh\u00e4lt auch die digitale Barrierefreiheit einen immer h\u00f6heren Stellenwert. <\/p>\n\n\n\n<p>Vielleicht fragst du dich jetzt: M\u00f6chten Menschen mit Sehbehinderung \u00fcberhaupt soziale Medien nutzen? Die Antwort ist klar: Ja! Das Bed\u00fcrfnis, soziale Medien zu nutzen, ist bei Menschen mit Sehbehinderung genauso gross wie bei Menschen ohne Sehbehinderung. Ein Grund f\u00fcr Ver\u00e4nderung ist also da. Soziale Netzwerke barrierefrei zu machen hat ausserdem \u2013 nebst dem Vorteil der Inklusion von Nutzer:innen mit Sehbehinderung \u2013 auch noch andere positive Aspekte:<\/p>\n\n\n\n<ul>\n<li style=\"font-size:16px\"><mark style=\"background-color:#ffe539\" class=\"has-inline-color\">Erweiterter Nutzer:innenkreis:<\/mark> Durch die verbesserte Zug\u00e4nglichkeit kann die Anzahl Menschen, die ein Inhalt erreicht, erweitert werden.<\/li>\n\n\n\n<li style=\"font-size:16px\"><mark style=\"background-color:#ffe539\" class=\"has-inline-color\">Bessere Suchmaschinenoptimierung:<\/mark> Barrierefreie Inhalte erfordern eine gute Struktur und einen korrekten semantischen Aufbau. So k\u00f6nnen diese von Suchmaschinen besser erfasst und indexiert werden, was wiederum die Auffindbarkeit verbessert.<\/li>\n\n\n\n<li style=\"font-size:16px\"><mark style=\"background-color:#ffe539\" class=\"has-inline-color\">H\u00f6here User Experience:<\/mark> \u00dcbersichtlich aufgebaute Inhalte verbessern nicht nur das Nutzererlebnis f\u00fcr Menschen mit Sehbehinderung \u2013 auch f\u00fcr Menschen ohne Sehbehinderung ist die Navigation so einfacher.<\/li>\n\n\n\n<li style=\"font-size:16px\"><mark style=\"background-color:#ffe539\" class=\"has-inline-color\">Positive Reputation:<\/mark> Unternehmen die ihre Netzwerke barrierefrei aufbereiten, zeigen soziales Verantwortungsbewusstsein und st\u00e4rken ihr Image.<\/li>\n\n\n\n<li style=\"font-size:16px\"><mark style=\"background-color:#ffe539\" class=\"has-inline-color\">Innovation in der Technologie:<\/mark> Das Umsetzen und Erarbeiten von zug\u00e4nglichen Plattformen und digitalen Inhalten kann zu technologischen Fortschritten f\u00fchren, was letztlich f\u00fcr alle Nutzer:innen von Vorteil sein kann.<\/li>\n<\/ul>\n\n\n\n<h2 class=\"wp-block-heading\">Fazit<\/h2>\n\n\n\n<p>Keine Verlierer \u2013 alle gewinnen! Denn insgesamt \u00fcberwiegen die Vorteile der Zug\u00e4nglichkeit deutlich. Webentwickler:innen, Content-Ersteller:innen und Plattformbetreiber:innen m\u00fcssen die Bedeutung der Barrierefreiheit erkennen und diese von Beginn an in ihre Arbeit integrieren. So m\u00fcssen sp\u00e4ter keine umfangreichen \u00c4nderungen mehr vorgenommen werden und das spart Zeit (und Geld)!<\/p>\n\n\n\n<div style=\"height:75px\" aria-hidden=\"true\" class=\"wp-block-spacer\"><\/div>\n\n\n\n<p><a href=\"https:\/\/netzwerkaugen.ch\/?page_id=10\">&gt; Weiter zur Seite \u00abPraxistipps\u00bb<\/a><\/p>\n","protected":false},"excerpt":{"rendered":"<p>Soziale Netzwerke (z.B. Facebook oder Instagram) bieten zahlreiche M\u00f6glichkeiten der Kommunikation, Interaktion und Information. Bei der Nutzung solcher Angebote k\u00f6nnen Menschen mit Sehbehinderung jedoch durch digitale Barrieren (z.B. unzureichende Beschriftung von Schaltfl\u00e4chen) ausgeschlossen werden. Barrierefrei sind digitale Inhalte dann, wenn alle Menschen, unabh\u00e4ngig von ihren F\u00e4higkeiten oder Beeintr\u00e4chtigungen, auf sie zugreifen k\u00f6nnen. Diese Webseite befasst sich nur mit den Bed\u00fcrfnissen von Menschen mit Sehbehinderung \u2013 um eine umfassende digitale Barrierefreiheit zu erreichen, d\u00fcrfen jedoch auch die Anspr\u00fcche anderer Personengruppen nicht vergessen werden. Dazu z\u00e4hlen beispielsweise Menschen mit H\u00f6rbeeintr\u00e4chtigung, motorischen Einschr\u00e4nkungen oder kognitiven Beeintr\u00e4chtigungen. Wieso das alles? Nur schon in der\u2026<\/p>\n","protected":false},"author":1,"featured_media":554,"parent":0,"menu_order":0,"comment_status":"closed","ping_status":"closed","template":"","meta":[],"blocksy_meta":{"disable_featured_image":"no"},"_links":{"self":[{"href":"https:\/\/netzwerkaugen.ch\/index.php?rest_route=\/wp\/v2\/pages\/7"}],"collection":[{"href":"https:\/\/netzwerkaugen.ch\/index.php?rest_route=\/wp\/v2\/pages"}],"about":[{"href":"https:\/\/netzwerkaugen.ch\/index.php?rest_route=\/wp\/v2\/types\/page"}],"author":[{"embeddable":true,"href":"https:\/\/netzwerkaugen.ch\/index.php?rest_route=\/wp\/v2\/users\/1"}],"replies":[{"embeddable":true,"href":"https:\/\/netzwerkaugen.ch\/index.php?rest_route=%2Fwp%2Fv2%2Fcomments&post=7"}],"version-history":[{"count":38,"href":"https:\/\/netzwerkaugen.ch\/index.php?rest_route=\/wp\/v2\/pages\/7\/revisions"}],"predecessor-version":[{"id":689,"href":"https:\/\/netzwerkaugen.ch\/index.php?rest_route=\/wp\/v2\/pages\/7\/revisions\/689"}],"wp:featuredmedia":[{"embeddable":true,"href":"https:\/\/netzwerkaugen.ch\/index.php?rest_route=\/wp\/v2\/media\/554"}],"wp:attachment":[{"href":"https:\/\/netzwerkaugen.ch\/index.php?rest_route=%2Fwp%2Fv2%2Fmedia&parent=7"}],"curies":[{"name":"wp","href":"https:\/\/api.w.org\/{rel}","templated":true}]}}