{"id":35,"date":"2023-07-16T12:01:21","date_gmt":"2023-07-16T12:01:21","guid":{"rendered":"https:\/\/netzwerkaugen.ch\/?page_id=35"},"modified":"2023-08-09T16:53:52","modified_gmt":"2023-08-09T16:53:52","slug":"home","status":"publish","type":"page","link":"https:\/\/netzwerkaugen.ch\/","title":{"rendered":"F\u00fcr die digitale Inklusion auf sozialen Netzwerken"},"content":{"rendered":"\n<p style=\"font-size:16px\"><strong>Eine Welt ohne soziale Netzwerke w\u00e4re heute wohl nur noch schwer vorstellbar. Sie sind ein fester Bestandteil des Alltags f\u00fcr viele Menschen \u2013 doch die Zug\u00e4nglichkeit der Inhalte ist nicht f\u00fcr alle Nutzer:innen gleich einfach.<\/strong><\/p>\n\n\n\n<p style=\"font-size:16px\"><mark style=\"background-color:#ffe539\" class=\"has-inline-color\">Menschen mit Sehbehinderung<\/mark> haben oft Schwierigkeiten, soziale Netzwerke und andere digitale Inhalte im Netz zu nutzen, wenn diese nicht optimal barrierefrei aufbereitet sind. Insbesondere auf Social-Media-Plattformen wie beispielsweise Instagram und Facebook k\u00f6nnen visuelle Inhalte wie Bilder, Grafiken und Videos eine un\u00fcberwindbare H\u00fcrde f\u00fcr Nutzer:innen mit Sehbehinderung darstellen und ihnen so die Teilhabe an der digitalen Welt verunm\u00f6glichen. <\/p>\n\n\n\n<div class=\"wp-block-media-text is-stacked-on-mobile is-vertically-aligned-center\" style=\"grid-template-columns:40% auto\"><figure class=\"wp-block-media-text__media\"><img decoding=\"async\" loading=\"lazy\" width=\"340\" height=\"340\" src=\"https:\/\/netzwerkaugen.ch\/wp-content\/uploads\/2023\/07\/Leeres-Bild.png\" alt=\"Schwarze Fl\u00e4che\" class=\"wp-image-99 size-full\" srcset=\"https:\/\/netzwerkaugen.ch\/wp-content\/uploads\/2023\/07\/Leeres-Bild.png 340w, https:\/\/netzwerkaugen.ch\/wp-content\/uploads\/2023\/07\/Leeres-Bild-300x300.png 300w, https:\/\/netzwerkaugen.ch\/wp-content\/uploads\/2023\/07\/Leeres-Bild-150x150.png 150w\" sizes=\"(max-width: 340px) 100vw, 340px\" \/><\/figure><div class=\"wp-block-media-text__content\">\n<p><mark style=\"background-color:#ffe539\" class=\"has-inline-color\">Erkennst du, was auf diesem Bild zu sehen ist?<\/mark><\/p>\n\n\n\n<p>So k\u00f6nnen sich Inhalte auf Social Media f\u00fcr Menschen mit Sehbehinderung anf\u00fchlen, wenn keine beschreibenden Alternativtexte hinterlegt werden. Nicht so toll, oder?<\/p>\n<\/div><\/div>\n\n\n\n<h2 class=\"wp-block-heading\">Informationen f\u00fcr alle!<\/h2>\n\n\n\n<p>Netzwerkaugen.ch ist an alle interessierten Menschen gerichtet \u2013 egal ob mit oder ohne Sehbehinderung. Die Webseite zeigt Wege auf, wie die Zug\u00e4nglichkeit f\u00fcr alle Nutzer:innen verbessert werden kann.<\/p>\n\n\n\n<p>Gemeinsam k\u00f6nnen wir einen Unterschied machen und sicherstellen, dass soziale Netzwerke f\u00fcr alle zug\u00e4nglich und bereichernd sind. Auf geht&#8217;s!<\/p>\n\n\n\n<div style=\"height:33px\" aria-hidden=\"true\" class=\"wp-block-spacer\"><\/div>\n\n\n\n<div class=\"wp-block-group has-background is-layout-constrained wp-container-1\" style=\"background-color:#ffe539\">\n<div style=\"height:7px\" aria-hidden=\"true\" class=\"wp-block-spacer\"><\/div>\n\n\n\n<h2 class=\"wp-block-heading\" style=\"font-size:25px\">&#x1f4a1;<\/h2>\n\n\n\n<p>Unter dem Begriff \u00abSehbehinderung\u00bb werden folgende Sehbeeintr\u00e4chtigungen zusammengefasst:<\/p>\n\n\n\n<ul>\n<li>Farbenblindheit<\/li>\n\n\n\n<li>Mittelschwere Sehbeeintr\u00e4chtigung (Sehsch\u00e4rfe \u2264 0,3)<\/li>\n\n\n\n<li>Schwere Sehbeeintr\u00e4chtigung (Sehsch\u00e4rfe \u2264 0,1)<\/li>\n\n\n\n<li>Blind (Sehsch\u00e4rfe \u2264 0,05)<\/li>\n<\/ul>\n\n\n\n<div style=\"height:21px\" aria-hidden=\"true\" class=\"wp-block-spacer\"><\/div>\n<\/div>\n\n\n\n<div style=\"height:75px\" aria-hidden=\"true\" class=\"wp-block-spacer\"><\/div>\n\n\n\n<p><a href=\"https:\/\/netzwerkaugen.ch\/?page_id=7\">&gt; Weiter zur Seite \u00abDigitale Barrierefreiheit\u00bb<\/a><\/p>\n","protected":false},"excerpt":{"rendered":"<p>Eine Welt ohne soziale Netzwerke w\u00e4re heute wohl nur noch schwer vorstellbar. Sie sind ein fester Bestandteil des Alltags f\u00fcr viele Menschen \u2013 doch die Zug\u00e4nglichkeit der Inhalte ist nicht f\u00fcr alle Nutzer:innen gleich einfach. Menschen mit Sehbehinderung haben oft Schwierigkeiten, soziale Netzwerke und andere digitale Inhalte im Netz zu nutzen, wenn diese nicht optimal barrierefrei aufbereitet sind. Insbesondere auf Social-Media-Plattformen wie beispielsweise Instagram und Facebook k\u00f6nnen visuelle Inhalte wie Bilder, Grafiken und Videos eine un\u00fcberwindbare H\u00fcrde f\u00fcr Nutzer:innen mit Sehbehinderung darstellen und ihnen so die Teilhabe an der digitalen Welt verunm\u00f6glichen. Erkennst du, was auf diesem Bild zu sehen\u2026<\/p>\n","protected":false},"author":1,"featured_media":0,"parent":0,"menu_order":0,"comment_status":"closed","ping_status":"closed","template":"","meta":[],"blocksy_meta":"","_links":{"self":[{"href":"https:\/\/netzwerkaugen.ch\/index.php?rest_route=\/wp\/v2\/pages\/35"}],"collection":[{"href":"https:\/\/netzwerkaugen.ch\/index.php?rest_route=\/wp\/v2\/pages"}],"about":[{"href":"https:\/\/netzwerkaugen.ch\/index.php?rest_route=\/wp\/v2\/types\/page"}],"author":[{"embeddable":true,"href":"https:\/\/netzwerkaugen.ch\/index.php?rest_route=\/wp\/v2\/users\/1"}],"replies":[{"embeddable":true,"href":"https:\/\/netzwerkaugen.ch\/index.php?rest_route=%2Fwp%2Fv2%2Fcomments&post=35"}],"version-history":[{"count":76,"href":"https:\/\/netzwerkaugen.ch\/index.php?rest_route=\/wp\/v2\/pages\/35\/revisions"}],"predecessor-version":[{"id":677,"href":"https:\/\/netzwerkaugen.ch\/index.php?rest_route=\/wp\/v2\/pages\/35\/revisions\/677"}],"wp:attachment":[{"href":"https:\/\/netzwerkaugen.ch\/index.php?rest_route=%2Fwp%2Fv2%2Fmedia&parent=35"}],"curies":[{"name":"wp","href":"https:\/\/api.w.org\/{rel}","templated":true}]}}