{"id":199,"date":"2023-07-29T14:53:16","date_gmt":"2023-07-29T14:53:16","guid":{"rendered":"https:\/\/netzwerkaugen.ch\/?page_id=199"},"modified":"2023-08-16T18:26:45","modified_gmt":"2023-08-16T18:26:45","slug":"technische-anforderungen","status":"publish","type":"page","link":"https:\/\/netzwerkaugen.ch\/?page_id=199","title":{"rendered":"Technische Anforderungen"},"content":{"rendered":"\n<p>Beim technischen Aufbau von sozialen Netzwerken gibt es einige wichtige Aspekte zu beachten. Sie bilden den Grundstein f\u00fcr die Zug\u00e4nglichkeit einer Plattform. <\/p>\n\n\n\n<h4 class=\"wp-block-heading\"><mark style=\"background-color:#ffe539\" class=\"has-inline-color\">1. Strukturierte Inhalte<\/mark><\/h4>\n\n\n\n<ul>\n<li>Verwende eine klare Struktur f\u00fcr den Aufbau und die Inhalte deiner Seite und erstelle eine \u00fcbersichtliche und sinnvolle Navigation. <\/li>\n\n\n\n<li>Grundfunktionalit\u00e4ten m\u00fcssen von Nutzer:innen mit Sehbehinderung sofort gefunden werden k\u00f6nnen. <\/li>\n\n\n\n<li>Falls du mehr Optionen brauchst, m\u00fcssen diese \u00fcbersichtlich dargestellt oder am besten eingeklappt sein. <\/li>\n\n\n\n<li>\u00dcberlade die Seite nicht mit Informationen und strukturiere \u00dcberschriften, Abs\u00e4tze, Links etc. auch auf semantischer Ebene klar. <\/li>\n\n\n\n<li>Vermeide es, eine sich st\u00e4ndig ver\u00e4ndernde Seite zu erstellen. Das zwingt Personen mit Sehbehinderung dazu, sich immer wieder neu orientieren m\u00fcssen.<\/li>\n<\/ul>\n\n\n\n<h4 class=\"wp-block-heading\"><mark><mark style=\"background-color:#ffe539\" class=\"has-inline-color\">2. Tastaturzug\u00e4nglichkeit<\/mark><\/mark><\/h4>\n\n\n\n<p>Die Plattform sollte gut mittels Tastatur navigierbar sein, da diese von vielen Menschen mit Sehbehinderung als Orientierungshilfe genutzt wird.<\/p>\n\n\n\n<h4 class=\"wp-block-heading\"><mark style=\"background-color:#ffe539\" class=\"has-inline-color\">3. Gute Beschriftung<\/mark><\/h4>\n\n\n\n<p>Beschrifte Schaltfl\u00e4chen und Links immer eindeutig und sinnvoll. Dies tr\u00e4gt massgeblich zum Verst\u00e4ndnis und zur Bedienbarkeit der Plattform mittels Screenreader bei und unterst\u00fctzt die \u00dcbersicht und Orientierung auf der Seite. Kontrolliere auch, ob alle deine Links mit dem Screenreader aktivierbar sind.<\/p>\n\n\n\n<h4 class=\"wp-block-heading\"><mark style=\"background-color:#ffe539\" class=\"has-inline-color\">4. Updates<\/mark><\/h4>\n\n\n\n<p>Versuche, deine Plattformen m\u00f6glichst wenig anzupassen. Wenn Updates n\u00f6tig sind, pr\u00fcfe diese vor der Ver\u00f6ffentlichung immer gut auf ihre Zug\u00e4nglichkeit. Wenn du Personen mit Sehbehinderung mehr in diesen Prozess miteinbeziehst, wird dir das viel leichter fallen.<\/p>\n\n\n\n<h4 class=\"wp-block-heading\"><mark style=\"background-color:#ffe539\" class=\"has-inline-color\">5. Support<\/mark><\/h4>\n\n\n\n<p>Schaffe zug\u00e4ngliche Anlaufstellen f\u00fcr Support!<\/p>\n\n\n\n<h4 class=\"wp-block-heading\"><mark style=\"background-color:#ffe539\" class=\"has-inline-color\">6. Sensibilisierung<\/mark><\/h4>\n\n\n\n<p>Ein weiterer wichtiger Punkt f\u00fcr die F\u00f6rderung der Barrierefreiheit f\u00fcr Menschen mit Sehbehinderung ist die fr\u00fche Schulung von Entwickler:innen in ihrer Ausbildung. Falls du Menschen in diesem Bereich aus- oder weiterbildest, sch\u00e4rfe ihre Aufmerksamkeit f\u00fcr das Thema!<\/p>\n\n\n\n<div style=\"height:75px\" aria-hidden=\"true\" class=\"wp-block-spacer\"><\/div>\n\n\n\n<p><a href=\"https:\/\/netzwerkaugen.ch\/?page_id=327\">&gt; Weiter zum Quiz<\/a><\/p>\n","protected":false},"excerpt":{"rendered":"<p>Beim technischen Aufbau von sozialen Netzwerken gibt es einige wichtige Aspekte zu beachten. Sie bilden den Grundstein f\u00fcr die Zug\u00e4nglichkeit einer Plattform. 1. Strukturierte Inhalte 2. Tastaturzug\u00e4nglichkeit Die Plattform sollte gut mittels Tastatur navigierbar sein, da diese von vielen Menschen mit Sehbehinderung als Orientierungshilfe genutzt wird. 3. Gute Beschriftung Beschrifte Schaltfl\u00e4chen und Links immer eindeutig und sinnvoll. Dies tr\u00e4gt massgeblich zum Verst\u00e4ndnis und zur Bedienbarkeit der Plattform mittels Screenreader bei und unterst\u00fctzt die \u00dcbersicht und Orientierung auf der Seite. Kontrolliere auch, ob alle deine Links mit dem Screenreader aktivierbar sind. 4. Updates Versuche, deine Plattformen m\u00f6glichst wenig anzupassen. Wenn Updates\u2026<\/p>\n","protected":false},"author":1,"featured_media":564,"parent":0,"menu_order":0,"comment_status":"closed","ping_status":"closed","template":"","meta":[],"blocksy_meta":"","_links":{"self":[{"href":"https:\/\/netzwerkaugen.ch\/index.php?rest_route=\/wp\/v2\/pages\/199"}],"collection":[{"href":"https:\/\/netzwerkaugen.ch\/index.php?rest_route=\/wp\/v2\/pages"}],"about":[{"href":"https:\/\/netzwerkaugen.ch\/index.php?rest_route=\/wp\/v2\/types\/page"}],"author":[{"embeddable":true,"href":"https:\/\/netzwerkaugen.ch\/index.php?rest_route=\/wp\/v2\/users\/1"}],"replies":[{"embeddable":true,"href":"https:\/\/netzwerkaugen.ch\/index.php?rest_route=%2Fwp%2Fv2%2Fcomments&post=199"}],"version-history":[{"count":11,"href":"https:\/\/netzwerkaugen.ch\/index.php?rest_route=\/wp\/v2\/pages\/199\/revisions"}],"predecessor-version":[{"id":686,"href":"https:\/\/netzwerkaugen.ch\/index.php?rest_route=\/wp\/v2\/pages\/199\/revisions\/686"}],"wp:featuredmedia":[{"embeddable":true,"href":"https:\/\/netzwerkaugen.ch\/index.php?rest_route=\/wp\/v2\/media\/564"}],"wp:attachment":[{"href":"https:\/\/netzwerkaugen.ch\/index.php?rest_route=%2Fwp%2Fv2%2Fmedia&parent=199"}],"curies":[{"name":"wp","href":"https:\/\/api.w.org\/{rel}","templated":true}]}}