{"id":12,"date":"2023-07-16T11:14:07","date_gmt":"2023-07-16T11:14:07","guid":{"rendered":"https:\/\/netzwerkaugen.ch\/?page_id=12"},"modified":"2023-08-09T17:05:34","modified_gmt":"2023-08-09T17:05:34","slug":"ueber-dieses-projekt","status":"publish","type":"page","link":"https:\/\/netzwerkaugen.ch\/?page_id=12","title":{"rendered":"\u00dcber dieses Projekt"},"content":{"rendered":"\n<p><strong>Die Webseite Netzwerkaugen.ch entstand 2023 im Rahmen meiner Bachelorarbeit im Studiengang Multimedia Production<\/strong> <strong>an der Fachhochschule Graub\u00fcnden. Das vermittelte Wissen basiert auf den Erkenntnissen und Forschungen meiner Bachelorthesis. <\/strong><\/p>\n\n\n\n<h2 class=\"wp-block-heading has-black-color has-text-color\">Ziel der Thesis<\/h2>\n\n\n\n<p>In meiner Arbeit habe ich die Nutzung von Social Media durch Menschen mit Sehbehinderung, wie diese Zielgruppe die sozialen Netzwerke erlebt und auf was f\u00fcr Hindernisse sie st\u00f6sst, untersucht. Um ein umfassendes Verst\u00e4ndnis f\u00fcr die Thematik zu erlangen und alle Einflussfaktoren zu \u00fcberpr\u00fcfen, habe ich mittels einer Umfrage und mehreren Exptert:inneninterviews einen vertieften Einblick in die Erfahrungen, Bed\u00fcrfnisse und Herausforderungen der betroffenen Gruppe erlangt. So konnte ich die Wichtigkeit der digitalen Inklusion auf den sozialen Netzwerken und deren Relevanz f\u00fcr Menschen mit Sehbehinderung aufzeigen. Falls du meine Thesis lesen m\u00f6chtest, darfst du mir gerne schreiben.<\/p>\n\n\n\n<p><strong>Anmerkung:<\/strong> Das PDF meiner Thesis ist barrierefrei! Mehr Informationen, wie du dein PDF in InDesign oder Word barrierefrei aufbauen und exportieren kannst, findest du <a rel=\"noreferrer noopener\" href=\"https:\/\/accessible-pdf.info\/de\/\" target=\"_blank\">hier.<\/a><\/p>\n\n\n\n<h2 class=\"wp-block-heading\">Ziel dieser Webseite<\/h2>\n\n\n\n<p>Ich will mit dieser Webseite dazu beitragen, ein Bewusstsein f\u00fcr die Bed\u00fcrfnisse und Perspektiven von Menschen mit Sehbehinderung zu schaffen, um digitale Inhalte zug\u00e4nglicher zu machen. Dabei will ich nicht nur auf bestehende Probleme hinweisen, sondern auch L\u00f6sungsans\u00e4tze und Best Practices pr\u00e4sentieren, um die digitale Barrierefreiheit zu verbessern.<\/p>\n\n\n\n<p><\/p>\n","protected":false},"excerpt":{"rendered":"<p>Die Webseite Netzwerkaugen.ch entstand 2023 im Rahmen meiner Bachelorarbeit im Studiengang Multimedia Production an der Fachhochschule Graub\u00fcnden. Das vermittelte Wissen basiert auf den Erkenntnissen und Forschungen meiner Bachelorthesis. Ziel der Thesis In meiner Arbeit habe ich die Nutzung von Social Media durch Menschen mit Sehbehinderung, wie diese Zielgruppe die sozialen Netzwerke erlebt und auf was f\u00fcr Hindernisse sie st\u00f6sst, untersucht. Um ein umfassendes Verst\u00e4ndnis f\u00fcr die Thematik zu erlangen und alle Einflussfaktoren zu \u00fcberpr\u00fcfen, habe ich mittels einer Umfrage und mehreren Exptert:inneninterviews einen vertieften Einblick in die Erfahrungen, Bed\u00fcrfnisse und Herausforderungen der betroffenen Gruppe erlangt. So konnte ich die Wichtigkeit\u2026<\/p>\n","protected":false},"author":1,"featured_media":0,"parent":0,"menu_order":0,"comment_status":"closed","ping_status":"closed","template":"","meta":[],"blocksy_meta":{"disable_share_box":"no","page_structure_type":"default","has_hero_section":"default"},"_links":{"self":[{"href":"https:\/\/netzwerkaugen.ch\/index.php?rest_route=\/wp\/v2\/pages\/12"}],"collection":[{"href":"https:\/\/netzwerkaugen.ch\/index.php?rest_route=\/wp\/v2\/pages"}],"about":[{"href":"https:\/\/netzwerkaugen.ch\/index.php?rest_route=\/wp\/v2\/types\/page"}],"author":[{"embeddable":true,"href":"https:\/\/netzwerkaugen.ch\/index.php?rest_route=\/wp\/v2\/users\/1"}],"replies":[{"embeddable":true,"href":"https:\/\/netzwerkaugen.ch\/index.php?rest_route=%2Fwp%2Fv2%2Fcomments&post=12"}],"version-history":[{"count":33,"href":"https:\/\/netzwerkaugen.ch\/index.php?rest_route=\/wp\/v2\/pages\/12\/revisions"}],"predecessor-version":[{"id":680,"href":"https:\/\/netzwerkaugen.ch\/index.php?rest_route=\/wp\/v2\/pages\/12\/revisions\/680"}],"wp:attachment":[{"href":"https:\/\/netzwerkaugen.ch\/index.php?rest_route=%2Fwp%2Fv2%2Fmedia&parent=12"}],"curies":[{"name":"wp","href":"https:\/\/api.w.org\/{rel}","templated":true}]}}